{"id":3778,"date":"2022-11-24T19:17:34","date_gmt":"2022-11-24T18:17:34","guid":{"rendered":"https:\/\/www.mueller-wallau.de\/imprint\/"},"modified":"2026-01-14T12:01:28","modified_gmt":"2026-01-14T11:01:28","slug":"imprint","status":"publish","type":"page","link":"https:\/\/www.mueller-wallau.de\/en\/imprint\/","title":{"rendered":"Imprint"},"content":{"rendered":"\t\t<div data-elementor-type=\"wp-page\" data-elementor-id=\"3778\" class=\"elementor elementor-3778 elementor-671\">\n\t\t\t\t\t\t<section class=\"elementor-section elementor-top-section elementor-element elementor-element-5edafa6 elementor-section-full_width elementor-section-height-default elementor-section-height-default parallax_section_no qode_elementor_container_no\" data-id=\"5edafa6\" data-element_type=\"section\" data-e-type=\"section\">\n\t\t\t\t\t\t<div class=\"elementor-container elementor-column-gap-default\">\n\t\t\t\t\t<div class=\"elementor-column elementor-col-100 elementor-top-column elementor-element elementor-element-cbd724f\" data-id=\"cbd724f\" data-element_type=\"column\" data-e-type=\"column\" data-settings=\"{&quot;background_background&quot;:&quot;gradient&quot;}\">\n\t\t\t<div class=\"elementor-widget-wrap elementor-element-populated\">\n\t\t\t\t\t\t<div class=\"elementor-element elementor-element-ef1b1f4 elementor-widget elementor-widget-heading\" data-id=\"ef1b1f4\" data-element_type=\"widget\" data-e-type=\"widget\" data-widget_type=\"heading.default\">\n\t\t\t\t<div class=\"elementor-widget-container\">\n\t\t\t\t\t<h1 class=\"elementor-heading-title elementor-size-default\">Imprint<\/h1>\t\t\t\t<\/div>\n\t\t\t\t<\/div>\n\t\t\t\t<div class=\"elementor-element elementor-element-e304fbf elementor-widget elementor-widget-text-editor\" data-id=\"e304fbf\" data-element_type=\"widget\" data-e-type=\"widget\" data-widget_type=\"text-editor.default\">\n\t\t\t\t<div class=\"elementor-widget-container\">\n\t\t\t\t\t\t\t\t\t<p><span style=\"font-family: var( --e-global-typography-text-font-family ), Sans-serif; color: #ffffff;\">M\u00fcller Modell- und Formenbau GmbH &amp; Co. KG<\/span><\/p>\n<p><span style=\"color: #ffffff;\">Hohe Stra\u00dfe 6-10<\/span><br><span style=\"color: #ffffff;\">D 35216 Biedenkopf &#8211; Wallau<\/span><br><span style=\"color: #ffffff;\">Managing Director Dipl.- Ing. (FH) Dipl.- Oec. Georg M\u00fcller<\/span><br><span style=\"color: #ffffff;\">Phone: +4964618090<\/span><br><span style=\"color: #ffffff;\">Email:&nbsp;<\/span><a style=\"font-family: var( --e-global-typography-text-font-family ), Sans-serif; font-weight: var( --e-global-typography-text-font-weight );\" href=\"mailto:info@mueller-wallau.de\" target=\"_blank\" rel=\"noopener\">info@mueller-wallau.de<\/a><\/p>\n<p><span style=\"color: #ffffff;\"><strong>Sales tax identification number according to \u00a7 27 a Value Added Tax Act<\/strong>: EN 11 147 8807<\/span><br><span style=\"color: #ffffff;\">Local court: MarburgRegistration number: HRB 2718<\/span><\/p>\n<p><\/p>\n<h3><span style=\"color: #ffffff;\"><strong>&nbsp;<\/strong><\/span><\/h3>\n<h3><span style=\"color: #ffffff;\"><strong>Please note the following information:<\/strong><\/span><\/h3>\n<p><span style=\"color: #ffffff;\">The information and other data on this website are non-binding and subject to change at any time. Therefore, any liability for the accuracy and completeness of the information is excluded.<\/span><\/p>\n<p><span style=\"color: #ffffff;\">Despite careful control of the content, we assume no liability for the content of external links. The operators of the linked pages are solely responsible for their content.<\/span><\/p>\n<p><\/p>\n<h2><span style=\"color: #ffffff;\">&nbsp;<\/span><\/h2>\n<h2><span style=\"color: #ffffff;\">Liability for contents<\/span><\/h2>\n<p><span style=\"color: #ffffff;\">As a service provider, we are, in accordance with \u00a7 7 para.1 TMG is responsible for its own content on these pages under the general laws. According to \u00a7\u00a7 8 to 10 TMG, however, we are not obligated as a service provider to monitor transmitted or stored third-party information or to investigate circumstances that indicate illegal activity.<\/span><\/p>\n<p><span style=\"color: #ffffff;\">Obligations to remove or block the use of information in accordance with general laws remain unaffected. However, liability in this regard is only possible from the time of knowledge of a concrete infringement. If we become aware of any such infringements, we will remove the content in question immediately.<\/span><\/p>\n<p><\/p>\n<h2><span style=\"color: #ffffff;\">&nbsp;<\/span><\/h2>\n<h2><span style=\"color: #ffffff;\">Liability for links<\/span><\/h2>\n<p><span style=\"color: #ffffff;\">Our offer contains links to external websites of third parties, on whose contents we have no influence. Therefore, we cannot assume any liability for these external contents. The respective provider or operator of the pages is always responsible for the content of the linked pages. The linked pages were checked for possible legal violations at the time of linking. Illegal contents were not recognizable at the time of linking.<\/span><\/p>\n<p><span style=\"color: #ffffff;\">However, a permanent control of the contents of the linked pages is not reasonable without concrete evidence of a violation of the law. If we become aware of any infringements of the law, we will remove such links immediately.<\/span><\/p>\n<p><\/p>\n<h2><span style=\"color: #ffffff;\">&nbsp;<\/span><\/h2>\n<h2><span style=\"color: #ffffff;\">Copyright<\/span><\/h2>\n<p><span style=\"color: #ffffff;\">The contents and works created by the site operators on these pages are subject to German copyright law. Duplication, processing, distribution, or any form of commercialization of such material beyond the scope of the copyright law shall require the prior written consent of its respective author or creator. Downloads and copies of this page are only permitted for private, non-commercial use.<\/span><\/p>\n<p><span style=\"color: #ffffff;\">Insofar as the content on this page was not created by the operator, the copyrights of third parties are respected. In particular, third-party content is identified as such. Should you nevertheless become aware of a copyright infringement, please inform us accordingly. If we become aware of any infringements, we will remove such content immediately.<\/span><\/p>\n<p><span style=\"color: #ffffff;\">Status 01.01.2023 (R01)<\/span><\/p>\t\t\t\t\t\t\t\t<\/div>\n\t\t\t\t<\/div>\n\t\t\t\t\t<\/div>\n\t\t<\/div>\n\t\t\t\t\t<\/div>\n\t\t<\/section>\n\t\t\t\t<\/div>\n\t\t","protected":false},"excerpt":{"rendered":"<p>Imprint M\u00fcller Modell- und Formenbau GmbH &amp; Co. KG Hohe Stra\u00dfe 6-10D 35216 Biedenkopf &#8211; WallauManaging Director Dipl.- Ing. (FH) Dipl.- Oec. Georg M\u00fcllerPhone: +4964618090Email:&nbsp;info@mueller-wallau.de Sales tax identification number according to \u00a7 27 a Value Added Tax Act: EN 11 147 8807Local court: MarburgRegistration number:&#8230;<\/p>\n","protected":false},"author":1,"featured_media":0,"parent":0,"menu_order":0,"comment_status":"closed","ping_status":"closed","template":"full_width.php","meta":{"footnotes":""},"class_list":["post-3778","page","type-page","status-publish","hentry"],"yoast_head":"<!-- This site is optimized with the Yoast SEO plugin v27.4 - https:\/\/yoast.com\/product\/yoast-seo-wordpress\/ -->\n<title>Imprint - M\u00dcLLER WALLAU<\/title>\n<meta name=\"description\" content=\"Imprint of M\u00fcller Modell- und Formenbau GmbH &amp; Co KG with contact details, management, VAT ID and legal information.\" \/>\n<meta name=\"robots\" content=\"index, follow, max-snippet:-1, max-image-preview:large, max-video-preview:-1\" \/>\n<link rel=\"canonical\" href=\"https:\/\/www.mueller-wallau.de\/en\/imprint\/\" \/>\n<meta property=\"og:locale\" content=\"en_US\" \/>\n<meta property=\"og:type\" content=\"article\" \/>\n<meta property=\"og:title\" content=\"Imprint - M\u00dcLLER WALLAU\" \/>\n<meta property=\"og:description\" content=\"Imprint of M\u00fcller Modell- und Formenbau GmbH &amp; Co KG with contact details, management, VAT ID and legal information.\" \/>\n<meta property=\"og:url\" content=\"https:\/\/www.mueller-wallau.de\/en\/imprint\/\" \/>\n<meta property=\"og:site_name\" content=\"M\u00dcLLER WALLAU\" \/>\n<meta property=\"article:publisher\" content=\"https:\/\/www.facebook.com\/profile.php?id=100087112376628\" \/>\n<meta property=\"article:modified_time\" content=\"2026-01-14T11:01:28+00:00\" \/>\n<meta name=\"twitter:card\" content=\"summary_large_image\" \/>\n<meta name=\"twitter:label1\" content=\"Est. reading time\" \/>\n\t<meta name=\"twitter:data1\" content=\"2 minutes\" \/>\n<script type=\"application\/ld+json\" class=\"yoast-schema-graph\">{\"@context\":\"https:\\\/\\\/schema.org\",\"@graph\":[{\"@type\":\"WebPage\",\"@id\":\"https:\\\/\\\/www.mueller-wallau.de\\\/en\\\/imprint\\\/\",\"url\":\"https:\\\/\\\/www.mueller-wallau.de\\\/en\\\/imprint\\\/\",\"name\":\"Imprint - M\u00dcLLER WALLAU\",\"isPartOf\":{\"@id\":\"https:\\\/\\\/www.mueller-wallau.de\\\/#website\"},\"datePublished\":\"2022-11-24T18:17:34+00:00\",\"dateModified\":\"2026-01-14T11:01:28+00:00\",\"description\":\"Imprint of M\u00fcller Modell- und Formenbau GmbH & Co KG with contact details, management, VAT ID and legal information.\",\"breadcrumb\":{\"@id\":\"https:\\\/\\\/www.mueller-wallau.de\\\/en\\\/imprint\\\/#breadcrumb\"},\"inLanguage\":\"en-US\",\"potentialAction\":[{\"@type\":\"ReadAction\",\"target\":[\"https:\\\/\\\/www.mueller-wallau.de\\\/en\\\/imprint\\\/\"]}]},{\"@type\":\"BreadcrumbList\",\"@id\":\"https:\\\/\\\/www.mueller-wallau.de\\\/en\\\/imprint\\\/#breadcrumb\",\"itemListElement\":[{\"@type\":\"ListItem\",\"position\":1,\"name\":\"Startseite\",\"item\":\"https:\\\/\\\/www.mueller-wallau.de\\\/en\\\/\"},{\"@type\":\"ListItem\",\"position\":2,\"name\":\"Imprint\"}]},{\"@type\":\"WebSite\",\"@id\":\"https:\\\/\\\/www.mueller-wallau.de\\\/#website\",\"url\":\"https:\\\/\\\/www.mueller-wallau.de\\\/\",\"name\":\"M\u00dcLLER WALLAU\",\"description\":\"\",\"publisher\":{\"@id\":\"https:\\\/\\\/www.mueller-wallau.de\\\/#organization\"},\"potentialAction\":[{\"@type\":\"SearchAction\",\"target\":{\"@type\":\"EntryPoint\",\"urlTemplate\":\"https:\\\/\\\/www.mueller-wallau.de\\\/?s={search_term_string}\"},\"query-input\":{\"@type\":\"PropertyValueSpecification\",\"valueRequired\":true,\"valueName\":\"search_term_string\"}}],\"inLanguage\":\"en-US\"},{\"@type\":\"Organization\",\"@id\":\"https:\\\/\\\/www.mueller-wallau.de\\\/#organization\",\"name\":\"M\u00dcLLER WALLAU\",\"url\":\"https:\\\/\\\/www.mueller-wallau.de\\\/\",\"logo\":{\"@type\":\"ImageObject\",\"inLanguage\":\"en-US\",\"@id\":\"https:\\\/\\\/www.mueller-wallau.de\\\/#\\\/schema\\\/logo\\\/image\\\/\",\"url\":\"https:\\\/\\\/www.mueller-wallau.de\\\/wp-content\\\/uploads\\\/2022\\\/12\\\/mueller_logo_white-1.png\",\"contentUrl\":\"https:\\\/\\\/www.mueller-wallau.de\\\/wp-content\\\/uploads\\\/2022\\\/12\\\/mueller_logo_white-1.png\",\"width\":192,\"height\":181,\"caption\":\"M\u00dcLLER WALLAU\"},\"image\":{\"@id\":\"https:\\\/\\\/www.mueller-wallau.de\\\/#\\\/schema\\\/logo\\\/image\\\/\"},\"sameAs\":[\"https:\\\/\\\/www.facebook.com\\\/profile.php?id=100087112376628\",\"https:\\\/\\\/de.linkedin.com\\\/company\\\/muellerwallau\"]}]}<\/script>\n<!-- \/ Yoast SEO plugin. -->","yoast_head_json":{"title":"Imprint - M\u00dcLLER WALLAU","description":"Imprint of M\u00fcller Modell- und Formenbau GmbH & Co KG with contact details, management, VAT ID and legal information.","robots":{"index":"index","follow":"follow","max-snippet":"max-snippet:-1","max-image-preview":"max-image-preview:large","max-video-preview":"max-video-preview:-1"},"canonical":"https:\/\/www.mueller-wallau.de\/en\/imprint\/","og_locale":"en_US","og_type":"article","og_title":"Imprint - M\u00dcLLER WALLAU","og_description":"Imprint of M\u00fcller Modell- und Formenbau GmbH & Co KG with contact details, management, VAT ID and legal information.","og_url":"https:\/\/www.mueller-wallau.de\/en\/imprint\/","og_site_name":"M\u00dcLLER WALLAU","article_publisher":"https:\/\/www.facebook.com\/profile.php?id=100087112376628","article_modified_time":"2026-01-14T11:01:28+00:00","twitter_card":"summary_large_image","twitter_misc":{"Est. reading time":"2 minutes"},"schema":{"@context":"https:\/\/schema.org","@graph":[{"@type":"WebPage","@id":"https:\/\/www.mueller-wallau.de\/en\/imprint\/","url":"https:\/\/www.mueller-wallau.de\/en\/imprint\/","name":"Imprint - M\u00dcLLER WALLAU","isPartOf":{"@id":"https:\/\/www.mueller-wallau.de\/#website"},"datePublished":"2022-11-24T18:17:34+00:00","dateModified":"2026-01-14T11:01:28+00:00","description":"Imprint of M\u00fcller Modell- und Formenbau GmbH & Co KG with contact details, management, VAT ID and legal information.","breadcrumb":{"@id":"https:\/\/www.mueller-wallau.de\/en\/imprint\/#breadcrumb"},"inLanguage":"en-US","potentialAction":[{"@type":"ReadAction","target":["https:\/\/www.mueller-wallau.de\/en\/imprint\/"]}]},{"@type":"BreadcrumbList","@id":"https:\/\/www.mueller-wallau.de\/en\/imprint\/#breadcrumb","itemListElement":[{"@type":"ListItem","position":1,"name":"Startseite","item":"https:\/\/www.mueller-wallau.de\/en\/"},{"@type":"ListItem","position":2,"name":"Imprint"}]},{"@type":"WebSite","@id":"https:\/\/www.mueller-wallau.de\/#website","url":"https:\/\/www.mueller-wallau.de\/","name":"M\u00dcLLER WALLAU","description":"","publisher":{"@id":"https:\/\/www.mueller-wallau.de\/#organization"},"potentialAction":[{"@type":"SearchAction","target":{"@type":"EntryPoint","urlTemplate":"https:\/\/www.mueller-wallau.de\/?s={search_term_string}"},"query-input":{"@type":"PropertyValueSpecification","valueRequired":true,"valueName":"search_term_string"}}],"inLanguage":"en-US"},{"@type":"Organization","@id":"https:\/\/www.mueller-wallau.de\/#organization","name":"M\u00dcLLER WALLAU","url":"https:\/\/www.mueller-wallau.de\/","logo":{"@type":"ImageObject","inLanguage":"en-US","@id":"https:\/\/www.mueller-wallau.de\/#\/schema\/logo\/image\/","url":"https:\/\/www.mueller-wallau.de\/wp-content\/uploads\/2022\/12\/mueller_logo_white-1.png","contentUrl":"https:\/\/www.mueller-wallau.de\/wp-content\/uploads\/2022\/12\/mueller_logo_white-1.png","width":192,"height":181,"caption":"M\u00dcLLER WALLAU"},"image":{"@id":"https:\/\/www.mueller-wallau.de\/#\/schema\/logo\/image\/"},"sameAs":["https:\/\/www.facebook.com\/profile.php?id=100087112376628","https:\/\/de.linkedin.com\/company\/muellerwallau"]}]}},"_links":{"self":[{"href":"https:\/\/www.mueller-wallau.de\/en\/wp-json\/wp\/v2\/pages\/3778","targetHints":{"allow":["GET"]}}],"collection":[{"href":"https:\/\/www.mueller-wallau.de\/en\/wp-json\/wp\/v2\/pages"}],"about":[{"href":"https:\/\/www.mueller-wallau.de\/en\/wp-json\/wp\/v2\/types\/page"}],"author":[{"embeddable":true,"href":"https:\/\/www.mueller-wallau.de\/en\/wp-json\/wp\/v2\/users\/1"}],"replies":[{"embeddable":true,"href":"https:\/\/www.mueller-wallau.de\/en\/wp-json\/wp\/v2\/comments?post=3778"}],"version-history":[{"count":13,"href":"https:\/\/www.mueller-wallau.de\/en\/wp-json\/wp\/v2\/pages\/3778\/revisions"}],"predecessor-version":[{"id":4654,"href":"https:\/\/www.mueller-wallau.de\/en\/wp-json\/wp\/v2\/pages\/3778\/revisions\/4654"}],"wp:attachment":[{"href":"https:\/\/www.mueller-wallau.de\/en\/wp-json\/wp\/v2\/media?parent=3778"}],"curies":[{"name":"wp","href":"https:\/\/api.w.org\/{rel}","templated":true}]}}